{"id":1280,"date":"2013-02-21T21:10:38","date_gmt":"2013-02-21T20:10:38","guid":{"rendered":"http:\/\/lama.fileli.unipi.it\/?page_id=1280"},"modified":"2018-10-23T12:57:31","modified_gmt":"2018-10-23T11:57:31","slug":"stefano-acerbo","status":"publish","type":"page","link":"https:\/\/lama.fileli.unipi.it\/en\/membri\/stefano-acerbo\/","title":{"rendered":"Stefano Acerbo"},"content":{"rendered":"<div id=\"attachment_4234\" style=\"width: 235px\" class=\"wp-caption alignright\"><img loading=\"lazy\" decoding=\"async\" aria-describedby=\"caption-attachment-4234\" class=\"wp-image-4234 size-medium\" src=\"http:\/\/lama.fileli.unipi.it\/wp-content\/uploads\/2013\/02\/IMG_20160225_122612-225x300.jpg\" alt=\"Foto di Stefano Acerbo\" width=\"225\" height=\"300\" srcset=\"https:\/\/lama.fileli.unipi.it\/wp-content\/uploads\/2013\/02\/IMG_20160225_122612-225x300.jpg 225w, https:\/\/lama.fileli.unipi.it\/wp-content\/uploads\/2013\/02\/IMG_20160225_122612-768x1024.jpg 768w, https:\/\/lama.fileli.unipi.it\/wp-content\/uploads\/2013\/02\/IMG_20160225_122612.jpg 1944w\" sizes=\"auto, (max-width: 225px) 100vw, 225px\" \/><p id=\"caption-attachment-4234\" class=\"wp-caption-text\">acerboste@hotmail.it<\/p><\/div>\n<p>Conseguita la laurea triennale in Letteratura Greca presso l\u2019Universit\u00e0 degli Studi di Pavia, con una memoria dal titolo <em>La figura di Diomede nell\u2019<\/em>Iliade<em>: ambiguit\u00e0 di un paradigma eroico<\/em>, ha proseguito i suoi studi di Letteratura Greca giungendo, nel 2011, alla discussione di una tesi su <em>I doni delle Muse e i filtri di Circe: commento filologico e linguistico all\u2019idillio IX di Teocrito<\/em>.<\/p>\n<p>Recentemente si \u00e8 addottorato presso l\u2019Universit\u00e0 degli Studi di Pisa con una tesi dal titolo\u00a0<em>I Racconti Mitici della Biblioteca: polivalenza delle immagini nella mitografia di et\u00e0 imperiale<\/em>, condotta sotto la direzione del prof. Taddei. Il suo principale interesse di ricerca sono le opere dei mitografi, studiate come testimonianze utili a ricostruire la diacronia delle tradizioni in esse confluite. In tale ambito di ricerca si serve della categoria di &#8220;polivalenza delle immagini mitiche&#8221; elaborata da Gernet nei suoi studi sulla leggenda eroica quale fonte per la conoscenza della protostoria sociale della Grecia antica, una categoria che permette di riconoscere anche all&#8217;interno dei racconti la pluralit\u00e0 di valori che un mito ha veicolato nel corso dei secoli. Presso l&#8217;universit\u00e0 di Pisa ha svolto per tre anni attivit\u00e0 di tutorato di Lingua e Letteratura Greca, al fine di aiutare gli studenti nell&#8217;apprendimento delle nozioni di morfologia e sintassi greca necessarie per una corretta comprensione dei testi. Ha trascorso sei mesi di studio dal Gennaio 2014 a Giugno 2014 presso il Centre ANHIMA di Parigi, dove ha esaminato la corrispondenza di Ignace Meyerson con Luis Gernet e Georges Dum\u00e9zil. Ha assistito e partecipato in pi\u00f9 occasioni a convegni organizzati presso la Univesitat Aut\u00f2noma de Barcelona. I suoi interessi di ricerca si incentrano sul mito e la mitografia e le sue intersezioni con altri aspetti della civilt\u00e0 quali il diritto, la religione e le forme di potere e sovranit\u00e0.<\/p>\n<p><a href=\"http:\/\/lama.fileli.unipi.it\/membri\/stefano-acerbo\/stefano-acerbo-pubblicazioni\/\">Pubblicazioni<\/a><\/p>\n","protected":false},"excerpt":{"rendered":"<p>Conseguita la laurea triennale in Letteratura Greca presso l\u2019Universit\u00e0 degli Studi di Pavia, con una memoria dal titolo La figura di Diomede nell\u2019Iliade: ambiguit\u00e0 di&#46;&#46;&#46;<\/p>\n","protected":false},"author":130,"featured_media":0,"parent":670,"menu_order":0,"comment_status":"closed","ping_status":"closed","template":"","meta":{"footnotes":""},"class_list":["post-1280","page","type-page","status-publish","hentry"],"translation":{"provider":"WPGlobus","version":"3.0.0","language":"en","enabled_languages":["it","en","fr"],"languages":{"it":{"title":true,"content":true,"excerpt":false},"en":{"title":true,"content":true,"excerpt":false},"fr":{"title":true,"content":true,"excerpt":false}}},"_links":{"self":[{"href":"https:\/\/lama.fileli.unipi.it\/en\/wp-json\/wp\/v2\/pages\/1280","targetHints":{"allow":["GET"]}}],"collection":[{"href":"https:\/\/lama.fileli.unipi.it\/en\/wp-json\/wp\/v2\/pages"}],"about":[{"href":"https:\/\/lama.fileli.unipi.it\/en\/wp-json\/wp\/v2\/types\/page"}],"author":[{"embeddable":true,"href":"https:\/\/lama.fileli.unipi.it\/en\/wp-json\/wp\/v2\/users\/130"}],"replies":[{"embeddable":true,"href":"https:\/\/lama.fileli.unipi.it\/en\/wp-json\/wp\/v2\/comments?post=1280"}],"version-history":[{"count":32,"href":"https:\/\/lama.fileli.unipi.it\/en\/wp-json\/wp\/v2\/pages\/1280\/revisions"}],"predecessor-version":[{"id":4232,"href":"https:\/\/lama.fileli.unipi.it\/en\/wp-json\/wp\/v2\/pages\/1280\/revisions\/4232"}],"up":[{"embeddable":true,"href":"https:\/\/lama.fileli.unipi.it\/en\/wp-json\/wp\/v2\/pages\/670"}],"wp:attachment":[{"href":"https:\/\/lama.fileli.unipi.it\/en\/wp-json\/wp\/v2\/media?parent=1280"}],"curies":[{"name":"wp","href":"https:\/\/api.w.org\/{rel}","templated":true}]}}