{"id":240,"date":"2012-06-07T11:03:14","date_gmt":"2012-06-07T10:03:14","guid":{"rendered":"http:\/\/lama.fileli.unipi.it\/?page_id=240"},"modified":"2022-03-24T14:36:54","modified_gmt":"2022-03-24T13:36:54","slug":"andrea-taddei","status":"publish","type":"page","link":"https:\/\/lama.fileli.unipi.it\/en\/membri\/andrea-taddei\/","title":{"rendered":"Andrea Taddei"},"content":{"rendered":"<p>Laureato nel 1996 in Lettere Classiche sotto la guida di Riccardo Di Donato, con la discussione di una tesi dal titolo <em>Diritto e civilt\u00e0: un inedito di Louis Gernet, <\/em>nel 2000 ha ottenuto il diploma di perfezionamento triennale in \u201cScienze della Cultura \u2013 Antropologia\u201d presso la Scuola Internazionale di Alti Studi &#8211; Fondazione San Carlo di Modena, e nel 2002 quello di dottorato in &#8220;Scienze della Cultura&#8221; presso l&#8217;Universit\u00e0 di Modena e Reggio Emilia con una tesi dal titolo <em>Studi sulle tecniche del diritto ateniese in et\u00e0 classica. <\/em><\/p>\n<p>Ha trascorso periodi di studio presso la Universit\u00e9 de Lausanne (a.a. 1994\/5) e la <em>Faculty of Classics<\/em> della University of Cambridge (1999 e 2011) e negli anni 2001-2003 ha lavorato come redattore responsabile dell&#8217;area antichistica e antropologia per il Consorzio Universitario on-line ICoN (www.italicon.it).<\/p>\n<p>Nel 2004 ha preso servizio come\u00a0Ricercatore Universitario di <em>Lingua e Letteratura greca<\/em> all&#8217;Universit\u00e0 di Pisa.<\/p>\n<p>Da Novembre 2016 \u00e8 Professore Associato di\u00a0<em>Lingua e letteratura greca<\/em> presso il Dipartimento di Filologia, Letteratura, Linguistica dell&#8217;Universit\u00e0 di Pisa<\/p>\n<p>A partire dall&#8217;a.a. 2005\/6 gli sono stati affidati gli insegnamenti di \u201c<em>Laboratorio di lingua greca<\/em>\u201d (CdL in <em>Lettere antiche<\/em>) e di \u201cCivilt\u00e0 greca\u201d (CdL in <em>Scienze dei Beni Culturali<\/em>). A partire dall&#8217;a.a. 2007\/8 gli \u00e8 stato affidato il modulo A del corso di <em>Antropologia del Mondo Antico <\/em> e, a\u00a0partire dall&#8217;a.a. 2009\/2010, il corso di <em>Antropologia del Mondo Antico<\/em> per il CdL Specialistica in <em>Filologia e Storia dell&#8217;Antichit\u00e0.<\/em><\/p>\n<p>Nominato come Professore di ruolo per l&#8217;insegnamento secondario per le classi di concorso a043, a050, a051, a052, in seguito al superamento del concorso a cattedre del 1999, dall&#8217;a.a. 2006\/2007 al 2008\/9 ha insegnato Greco presso la SSIS Toscana per la classe a052 (latino e greco nei licei classici).<\/p>\n<p>Membro dei CdL in <em>Lettere<\/em>\u00a0e di\u00a0<em>Filologia e storia dell&#8217;Antichit\u00e0,<\/em>\u00a0\u00e8 Vice Presidente del Corso di Laurea in Lettere.<\/p>\n<p>E&#8217; membro del Collegio di dottorato in\u00a0<em>Scienze dell&#8217;Antichit\u00e0 e Archeologia,\u00a0<\/em>per il quale svolge regolarmente attivit\u00e0 didattica e segue, come tutor, tesi dottorali.<\/p>\n<p>E&#8217; stato\u00a0<em>Professeur Invit\u00e9<\/em> presso il Centre ANHIMA della EHESS di Parigi (Gennaio-Febbraio 2015) ed \u00e8\u00a0<em>Professeur Invit\u00e9\u00a0<\/em>presso l&#8217;Universit\u00e9 de Paris 7 &#8211; Diderot (2019).<\/p>\n<p>Nell&#8217;agosto 2019 insegner\u00e0 &#8211; come professore invitato &#8211; presso la\u00a0<em>Summer School\u00a0<\/em>in\u00a0<em>Classics\u00a0<\/em>della Universit\u00e0 di Tokyo (presso la University of Oxford)<\/p>\n<p>Ha partecipato, in qualit\u00e0 di relatore, a convegni nelle Universit\u00e0 di Pisa, Napoli, Trento, Palermo, Calabria, Heidelberg, presso la Scuola Normale Superiore di Pisa, presso il Coll\u00e8ge de France e la Ecole Pratique des Hautes Etudes di Parigi, e ha tenuto conferenze in vari licei italiani.<\/p>\n<p>Si occupa degli intrecci tra diritto, religione e letteratura nella Grecia di et\u00e0 arcaica e classica e della didattica della letteratura greca nei licei.<\/p>\n<p>E&#8217; Referente per la formazione degli Insegnanti per il Dipartimento di Filologia, Letteratura, Linguistica.<\/p>\n<p>E&#8217;\u00a0<em>membre associ\u00e9<\/em> del Centre ANHIMA della EHESS di Parigi (<a href=\"http:\/\/www.anhima.fr\/?lang=fr\">Centre ANHIMA, EHESS<\/a>)<\/p>\n<p>E&#8217; Vice Direttore del <a href=\"https:\/\/www-cafre.unipi.it\">CAFRE, Centro per l&#8217;Aggiornamento, la Formazione, la ricerca e la Ricerca Educativa<\/a><\/p>\n<p><a href=\"http:\/\/pisa.academia.edu\/AndreaTaddei\" target=\"_blank\" rel=\"noopener\">Academia.edu<\/a><\/p>\n<p><a title=\"Pubblicazioni Andrea Taddei\" href=\"\/membri\/andrea-taddei\/andrea-taddei-pubblicazioni\/\">Pubblicazioni<\/a><\/p>\n<p><a href=\"http:\/\/lama.fileli.unipi.it\/wp-content\/uploads\/2012\/06\/pubblicazioni-andrea-taddei1.pdf\" target=\"_blank\" rel=\"noopener\">Pubblicazioni<\/a> (pdf)<\/p>\n","protected":false},"excerpt":{"rendered":"<p>Laureato nel 1996 in Lettere Classiche sotto la guida di Riccardo Di Donato, con la discussione di una tesi dal titolo Diritto e civilt\u00e0: un&#46;&#46;&#46;<\/p>\n","protected":false},"author":130,"featured_media":0,"parent":670,"menu_order":0,"comment_status":"closed","ping_status":"closed","template":"","meta":{"footnotes":""},"class_list":["post-240","page","type-page","status-publish","hentry"],"translation":{"provider":"WPGlobus","version":"3.0.0","language":"en","enabled_languages":["it","en","fr"],"languages":{"it":{"title":true,"content":true,"excerpt":false},"en":{"title":true,"content":true,"excerpt":false},"fr":{"title":true,"content":true,"excerpt":false}}},"_links":{"self":[{"href":"https:\/\/lama.fileli.unipi.it\/en\/wp-json\/wp\/v2\/pages\/240","targetHints":{"allow":["GET"]}}],"collection":[{"href":"https:\/\/lama.fileli.unipi.it\/en\/wp-json\/wp\/v2\/pages"}],"about":[{"href":"https:\/\/lama.fileli.unipi.it\/en\/wp-json\/wp\/v2\/types\/page"}],"author":[{"embeddable":true,"href":"https:\/\/lama.fileli.unipi.it\/en\/wp-json\/wp\/v2\/users\/130"}],"replies":[{"embeddable":true,"href":"https:\/\/lama.fileli.unipi.it\/en\/wp-json\/wp\/v2\/comments?post=240"}],"version-history":[{"count":47,"href":"https:\/\/lama.fileli.unipi.it\/en\/wp-json\/wp\/v2\/pages\/240\/revisions"}],"predecessor-version":[{"id":9178,"href":"https:\/\/lama.fileli.unipi.it\/en\/wp-json\/wp\/v2\/pages\/240\/revisions\/9178"}],"up":[{"embeddable":true,"href":"https:\/\/lama.fileli.unipi.it\/en\/wp-json\/wp\/v2\/pages\/670"}],"wp:attachment":[{"href":"https:\/\/lama.fileli.unipi.it\/en\/wp-json\/wp\/v2\/media?parent=240"}],"curies":[{"name":"wp","href":"https:\/\/api.w.org\/{rel}","templated":true}]}}