{"id":2822,"date":"2014-02-13T09:25:09","date_gmt":"2014-02-13T09:25:09","guid":{"rendered":"http:\/\/lama.fileli.unipi.it\/?page_id=2822"},"modified":"2015-10-06T12:26:08","modified_gmt":"2015-10-06T12:26:08","slug":"link-utili","status":"publish","type":"page","link":"https:\/\/lama.fileli.unipi.it\/en\/link-utili\/","title":{"rendered":"Links"},"content":{"rendered":"<p><a href=\"http:\/\/lama.fileli.unipi.it\/?page_id=845 \" target=\"_blank\"><!-- Beginning of Link Library Output --><div id='linklist1' class='linklist'><!-- Div Linklist -->\n<div class=\"LinkLibraryCat LinkLibraryCat216 level0\"><!-- Div Category --><div id=\"banche-dati-bibliografiche\"><!-- Div Category Name --><div class=\"linklistcatname\"><!-- Div Cat Name --><span class=\"linklistcatclass\">Banche dati bibliografiche<\/span><\/div><!-- DivOrHeader --><\/div><!-- Div Category Name -->\n\t<ul>\n<li><a href=\"http:\/\/archive.org\/details\/texts\" id=\"link-5639\" class=\"track_this_link \" rel=\"noopener noreferrer\">Archive.org<\/a>\nSito internet in cui \u00e8 possibile reperire un elevatissimo numero di volumi in libera consultazione.<\/li>\n<li><a href=\"http:\/\/warburg.sas.ac.uk\/library\/e-resources-and-databases\/digital-collections\" id=\"link-5656\" class=\"track_this_link \" rel=\"noopener noreferrer\">Biblioteca digitale del Warburg Institute<\/a>\nRicco repertorio di edizioni di testi antichi e di studi pertinenti ad una notevole variet\u00e0 di discipline - tra cui la letteratura, la storia, la religione, l&#039;arte greche e romane, nonch\u00e9 di altre civilt\u00e0 antiche - prodotti tra il XVII e il XX secolo.<\/li>\n<li><a href=\"http:\/\/bcs.fltr.ucl.ac.be\/default.htm\" id=\"link-5674\" class=\"track_this_link \" rel=\"noopener noreferrer\">Bibliotheca Classica Selecta (BCS)<\/a>\nQuesto sito dell&#039;Universit\u00e9 Catholique de Louvain si compone di una variet\u00e0 di risorse bibliografiche, che raccolgono soprattutto pubblicazioni scientifiche in lingue francese concernenti i versanti storico e letterario di Grecia e Roma antiche.<\/li>\n<li><a href=\"http:\/\/bmcr.brynmawr.edu\/\" id=\"link-5640\" class=\"track_this_link \" rel=\"noopener noreferrer\">BMCR<\/a>\nSito della Bryn Mawr Classical Review che raccoglie correntemente le recensioni di opere relative al mondo degli studi classici<\/li>\n<li><a href=\"http:\/\/www.persee.fr\/disciplines\" id=\"link-5671\" class=\"track_this_link \" rel=\"noopener noreferrer\">Collezioni Pers\u00e9e<\/a>\nPagina del portale Pers\u00e9e che permette una rapida consultazione delle riviste ospitate sul sito, suddivise per disciplina<\/li>\n<li><a href=\"https:\/\/dialnet.unirioja.es\/\" id=\"link-5667\" class=\"track_this_link \" rel=\"noopener noreferrer\">Dialnet<\/a>\nIl sito contiene un database delle pi\u00f9 importanti riviste e, iscrivendosi, permette di ricevere via mail l&#039;indice di ogni nuovo numero delle riviste a cui si \u00e8 interessati.<\/li>\n<li><a href=\"https:\/\/dreamsofantiquity.ku.de\/\" id=\"link-7736\" class=\"track_this_link \" rel=\"noopener noreferrer\" target=\"_blank\">Dreams of Antiquity<\/a>\ndatabase di letteratura relativa allo studio di sogni e visioni nell&#039;antichit\u00e0 greca e romana<\/li>\n<li><a href=\"http:\/\/www.jstor.org\/\" id=\"link-5635\" class=\"track_this_link \" rel=\"noopener noreferrer\">JSTOR<\/a>\nBanca dati di riviste scientifiche relative a diversi campi del sapere, il cui contenuto \u00e8 accessibile su licenza<\/li>\n<li><a href=\"https:\/\/studiumanistici.uniroma3.it\/lisa\/\" id=\"link-5650\" class=\"track_this_link \" rel=\"noopener noreferrer\">L.I.S.A.<\/a>\nSito del Laboratorio Informatico per gli Studi Antichistici contenente una rassegna dei principali strumenti informatici per lo studio dell&#039;antichit\u00e0.<\/li>\n<li><a href=\"http:\/\/www.sfu.ca\/nomoi\/\" id=\"link-5655\" class=\"track_this_link \" rel=\"noopener noreferrer\">Nomoi<\/a>\nIl sito offre una selezione di risorse web relative al diritto greco antico ed una bibliografia aggiornata.<\/li>\n<li><a href=\"http:\/\/www.oxfordbibliographies.com\/\" id=\"link-5673\" class=\"track_this_link \" rel=\"noopener noreferrer\">Oxford Bibliographies<\/a>\nQuesta banca dati dell&#039;Universit\u00e0 di Oxford costituisce un ottimo punto di partenza per ricerche bibliografiche su una grande variet\u00e0 di argomenti e tematiche.<\/li>\n<li><a href=\"http:\/\/www.persee.fr\/web\/guest\/home\" id=\"link-5638\" class=\"track_this_link \" rel=\"noopener noreferrer\">Pers\u00e9e.fr<\/a>\nPortale del progetto di digitalizzazione di riviste in lingua francese di scienze umane e sociali interamente disponibili in libero accesso<\/li>\n<li><a href=\"https:\/\/pinakes.irht.cnrs.fr\/\" id=\"link-7229\" class=\"track_this_link \" rel=\"noopener noreferrer\" target=\"_blank\">Pinakes<\/a>\nIl sito consente la consultazione dei dati essenziali relativi ai manoscritti contenenti testi greci .<\/li>\n<li><a href=\"http:\/\/www.persee.fr\/collection\/efr\" id=\"link-5670\" class=\"track_this_link \" rel=\"noopener noreferrer\">Publications de l&#039;Ecole Fran\u00e7aise de Rome<\/a>\nPubblicazioni dell&#039;Ecole Fran\u00e7aise di Roma liberamente consultabili sul portale Pers\u00e9e (1965-1999)<\/li>\n<li><a href=\"http:\/\/www.rassegna.unibo.it\/\" id=\"link-5651\" class=\"track_this_link \" rel=\"noopener noreferrer\">Rassegna degli strumenti informatici per lo studio dell&#8217;Antichit\u00e0 classica.<\/a>\nRassegna dei principali strumenti informatici per lo studio dell&#039;antichit\u00e0 classica.<\/li>\n<li><a href=\"http:\/\/www.revues.org\/\" id=\"link-5637\" class=\"track_this_link \" rel=\"noopener noreferrer\">Revues.org<\/a>\nPiattaforma dedicata a riviste e collezioni di libri di scienze umane e sociali<\/li>\n<li><a href=\"http:\/\/cisadu2.let.uniroma1.it\/smsr\/\" id=\"link-5649\" class=\"track_this_link \" rel=\"noopener noreferrer\">Studi e materiali delle religioni<\/a>\nDigitalizzazione dei numeri della rivista di Studi e Materiali di Storia delle Religioni dal volume I (1925) al volume XLII (1973-76).<\/li>\n<li><a href=\"http:\/\/chs.harvard.edu\/wa\/pageR?tn=Welcome&#038;bdc=12&#038;mn=0\" id=\"link-5632\" class=\"track_this_link \" rel=\"noopener noreferrer\">The Center of Hellenic Studies.<\/a>\nSito del Center of Hellenic Studies dell\u2019Universit\u00e0 di Harvard continuamente aggiornato con nuove pubblicazioni e risorse disponibili on-line.<\/li>\n<li><a href=\"http:\/\/onlinebooks.library.upenn.edu\/\" id=\"link-5654\" class=\"track_this_link \" rel=\"noopener noreferrer\">The Online Books Page<\/a>\nIl sito, gestito dalla Pennsylvania University, ospita una libreria virtuale all&#039;interno della quale sono disponibili per la libera consultazione circa 1 milione di titoli<\/li>\n\t<\/ul>\n<\/div><!-- Div End Category -->\n<div class=\"LinkLibraryCat LinkLibraryCat218 level0\"><!-- Div Category --><div id=\"repertori-di-fonti\"><!-- Div Category Name --><div class=\"linklistcatname\"><!-- Div Cat Name --><span class=\"linklistcatclass\">Repertori di fonti<\/span><\/div><!-- DivOrHeader --><\/div><!-- Div Category Name -->\n\t<ul>\n<li><a href=\"http:\/\/www.atticinscriptions.com\/\" id=\"link-5628\" class=\"track_this_link \" rel=\"noopener noreferrer\">Attic Inscriptions Online<\/a>\nIl sito offre la traduzione in lingua inglese delle epigrafi di Atene e dell&#039;Attica<\/li>\n<li><a href=\"http:\/\/www.bl.uk\/manuscripts\/Default.aspx\" id=\"link-5636\" class=\"track_this_link \" rel=\"noopener noreferrer\">British Library Digitised Manuscripts<\/a>\nSito del progetto di digitalizzazione dei manoscritti conservati alla British LIbrary, dei quali generalmente viene offerta la riproduzione fotografica integrale.<\/li>\n<li><a href=\"http:\/\/cgrn.ulg.ac.be\/\" id=\"link-5672\" class=\"track_this_link \" rel=\"noopener noreferrer\">CGRN<\/a>\nRepertorio in corso d&#039;opera delle iscrizioni riguardanti la categoria delle &quot;norme rituali&quot;, in particolare le pratiche del sacrificio e della purificazione. <\/li>\n<li><a href=\"https:\/\/dreamsofantiquity.ku.de\/\" id=\"link-7736\" class=\"track_this_link \" rel=\"noopener noreferrer\" target=\"_blank\">Dreams of Antiquity<\/a>\ndatabase di letteratura relativa allo studio di sogni e visioni nell&#039;antichit\u00e0 greca e romana<\/li>\n<li><a href=\"https:\/\/www.cs.uky.edu\/~raphael\/sol\/sol-html\/index.html\" id=\"link-7227\" class=\"track_this_link \" rel=\"noopener noreferrer\" target=\"_blank\">Lessico della Suda<\/a>\nSito Internet del lessico bizantino del X secolo. Le voci sono elencate seguendo la numerazione stabilite nell&#039;edizione di Ada Adler.<\/li>\n<li><a href=\"http:\/\/www.limc-france.fr\/\" id=\"link-5646\" class=\"track_this_link \" rel=\"noopener noreferrer\">LIMC<\/a>\nSito che permette la consultazione delle banche dati sull&#039;iconografia antica. La LIMCicon non \u00e8 una versione elettronica del Lexicon Iconographicum Mythologiae Classicae, ma \u00e8 una fonte di informazione indipendente e complementare. <\/li>\n<li><a href=\"http:\/\/epigraphy.packhum.org\/inscriptions\/\" id=\"link-5630\" class=\"track_this_link \" rel=\"noopener noreferrer\">Searchable Greek Inscriptions<\/a>\nRepertorio in corso d\u2019opera, realizzato dal Packard Humanity Institute, della totalit\u00e0 delle iscrizioni rinvenute nei territori dell\u2019ecumene greca, interamente fruibile on-line.<\/li>\n<li><a href=\"http:\/\/www.beazley.ox.ac.uk\/pottery\/default.htm\" id=\"link-5647\" class=\"track_this_link \" rel=\"noopener noreferrer\">The Beazley Archive<\/a>\nSito che consente di visualizzare e ricercare le foto di molti vasi contenuti nella collezione Beazley<\/li>\n\t<\/ul>\n<\/div><!-- Div End Category -->\n<div class=\"LinkLibraryCat LinkLibraryCat217 level0\"><!-- Div Category --><div id=\"risorse-di-antropologia\"><!-- Div Category Name --><div class=\"linklistcatname\"><!-- Div Cat Name --><span class=\"linklistcatclass\">Risorse di antropologia<\/span><\/div><!-- DivOrHeader --><\/div><!-- Div Category Name -->\n\t<ul>\n<li><a href=\"http:\/\/classiques.uqac.ca\/classiques\/\" id=\"link-5629\" class=\"track_this_link \" rel=\"noopener noreferrer\">Classiques des sciences sociales UQAC (Universit\u00e9 du Qu\u00e9bec \u00e0 Chicoutimi)<\/a>\nRicco patrimonio bibliografico di studi di Scienze Sociali interamente consultabile in digitale.<\/li>\n<li><a href=\"https:\/\/dreamsofantiquity.ku.de\/\" id=\"link-7736\" class=\"track_this_link \" rel=\"noopener noreferrer\" target=\"_blank\">Dreams of Antiquity<\/a>\ndatabase di letteratura relativa allo studio di sogni e visioni nell&#039;antichit\u00e0 greca e romana<\/li>\n\t<\/ul>\n<\/div><!-- Div End Category -->\n<div class=\"LinkLibraryCat LinkLibraryCat219 level0\"><!-- Div Category --><div id=\"strumenti\"><!-- Div Category Name --><div class=\"linklistcatname\"><!-- Div Cat Name --><span class=\"linklistcatclass\">Strumenti<\/span><\/div><!-- DivOrHeader --><\/div><!-- Div Category Name -->\n\t<ul>\n<li><a href=\"http:\/\/www.stoa.org\/projects\/demos\/article_law_glossary?page=all&#038;greekEncoding\" id=\"link-5663\" class=\"track_this_link \" rel=\"noopener noreferrer\">A Glossary of Athenian Legal Terms<\/a>\nGlossario del lessico giuridico ateniese a cura di S. C. Todd<\/li>\n<li><a href=\"http:\/\/awmc.unc.edu\/wordpress\/\" id=\"link-5668\" class=\"track_this_link \" rel=\"noopener noreferrer\">AWMC<\/a>\nL&#039;Ancient World Mapping Center consente ricerche innovative su geografia e cartografia nel mondo antico. Presenta inoltre un&#039;utile sezione sulle pi\u00f9 importanti risorse, digitali e cartacee, relative allo studio dei suddetti ambiti<\/li>\n<li><a href=\"http:\/\/www.sites.univ-rennes2.fr\/lahm\/crescam\/\" id=\"link-5653\" class=\"track_this_link \" rel=\"noopener noreferrer\">B.D.E.G.<\/a>\nBanca Dati delle Epiclesi Greche, nella quale sono raccolte tutte le occorrenze di epiclesi divine conosciute, dalle prime attestazioni arcaiche al IV sec. d.C.<\/li>\n<li><a href=\"http:\/\/dagr.univ-tlse2.fr\/sdx\/dagr\/index.xsp\" id=\"link-5648\" class=\"track_this_link \" rel=\"noopener noreferrer\">D.A.G.R.<\/a>\nDigitalizzazione del Dictionnaire des Antiquit\u00e9s Grecques et Romaines di Daremberg e Saglio. Il sito permette  di effettuare delle ricerce per singole voci.<\/li>\n<li><a href=\"https:\/\/dare.ht.lu.se\/\" id=\"link-5643\" class=\"track_this_link \" rel=\"noopener noreferrer\">Digital Map of the Roman Empire<\/a>\nUna mappa dell&#039;impero Romano comprendente la Grecia antica strutturata come Google Maps che permette vari gradi di ingrandimento e una ricerca diretta della localit\u00e0 desiderata.<\/li>\n<li><a href=\"https:\/\/dreamsofantiquity.ku.de\/\" id=\"link-7736\" class=\"track_this_link \" rel=\"noopener noreferrer\" target=\"_blank\">Dreams of Antiquity<\/a>\ndatabase di letteratura relativa allo studio di sogni e visioni nell&#039;antichit\u00e0 greca e romana<\/li>\n<li><a href=\"http:\/\/googleancientplaces.wordpress.com\/\" id=\"link-5661\" class=\"track_this_link \" rel=\"noopener noreferrer\">googleancientplaces<\/a>\nSito che permette di trovare i riferimenti a luoghi geografici antichi.<\/li>\n<li><a href=\"http:\/\/www.grammateion.gr\/\" id=\"link-5644\" class=\"track_this_link \" rel=\"noopener noreferrer\">Grammateion<\/a>\nGiornale elettronico pubblicato annualmente dalla Greek Epigraphic Society, comprendente articoli riguardanti le iscrizione Greche, la storia e la topografia della Grecia antica<\/li>\n<li><a href=\"http:\/\/hestia.open.ac.uk\/\" id=\"link-5660\" class=\"track_this_link \" rel=\"noopener noreferrer\">Hestia<\/a>\nSito che, utilizzando le tecniche digitali, permette indagini innovative sulla geografia di Erodoto.<\/li>\n<li><a href=\"http:\/\/homerica.msh-alpes.fr\/\" id=\"link-5645\" class=\"track_this_link \" rel=\"noopener noreferrer\">Homerica<\/a>\nPortale del Centre d&#039;\u00e9tudes hom\u00e9riques dell&#039;universit\u00e0 di Grenoble ricco di materiali e documenti molto utili.<\/li>\n<li><a href=\"http:\/\/www.annee-philologique.com\/\/\" id=\"link-5633\" class=\"track_this_link \" rel=\"noopener noreferrer\">L&#039;Ann\u00e9e Philologique.<\/a>\nVersione online de l&#039;Ann\u00e9e Philologique, principale banca dati bibliografica per i contributi pubblicati nei diversi campi degli studi antichi <\/li>\n<li><a href=\"http:\/\/hosting.unitn.it\/dionysos\/\" id=\"link-5669\" class=\"track_this_link \" rel=\"noopener noreferrer\">Laboratorio Dionysos<\/a>\nSito del Laboratorio sul teatro antico diretto a Trento dal professor G. Ieran\u00f2. Il laboratorio promuove e coordina attivit\u00e0 scientifiche e didattiche sul teatro antico e contiene un utile archivio digitale delle rappresentazioni moderne<\/li>\n<li><a href=\"http:\/\/www.rzuser.uni-heidelberg.de\/~m99\/\" id=\"link-5641\" class=\"track_this_link \" rel=\"noopener noreferrer\">Lexicon Iconographicum Mythologiae Classicae<\/a>\nSito del pi\u00f9 importante repertorio di immagini concernenti il mito greco.<\/li>\n<li><a href=\"http:\/\/lyricmappingproject.stanford.edu\/bubblemap.html\" id=\"link-5675\" class=\"track_this_link \" rel=\"noopener noreferrer\">MappingGreekLyric<\/a>\nSito curato dall&#039;Universit\u00e0 di Stanford, che consente ricerche innovative su diversi aspetti geoculturali della produzione lirica greca compresa tra VIII e IV secolo a.C.<\/li>\n<li><a href=\"http:\/\/de.wikisource.org\/wiki\/Paulys_Realencyclop%C3%A4die_der_classischen_Altertumswissenschaft\" id=\"link-5642\" class=\"track_this_link \" rel=\"noopener noreferrer\">Paulys Realencyclop\u00e4die der classischen Altertumswissenschaft on line<\/a>\nProgetto che mira a rendere disponibili on line tutti i volumi della RE, con un comodo motore di ricerca che permette di digitare direttamente la voce desiderata.<\/li>\n<li><a href=\"http:\/\/tesserae.caset.buffalo.edu\" id=\"link-5664\" class=\"track_this_link \" rel=\"noopener noreferrer\">Tesserae<\/a>\nUtile strumento per indagare paralleli intertestuali nella letteratura Greca, Latina.<\/li>\n<li><a href=\"http:\/\/www.nottingham.ac.uk\/greatdatabase\/brzoaths\/public_html\/index.php\" id=\"link-5652\" class=\"track_this_link \" rel=\"noopener noreferrer\">The Oath in Archaic and Classical Greece<\/a>\nDatabase dei giuramenti attestati in fonti greche (dalle origini al 322 a.C.) realizzato dal gruppo di ricerca dell&#039;Universit\u00e0 di Nottingham diretto da A. H. Sommerstein<\/li>\n<li><a href=\"http:\/\/www.theoi.com\/\" id=\"link-5631\" class=\"track_this_link \" rel=\"noopener noreferrer\">THEOI<\/a>\nAgile repertorio mitografico in cui \u00e8 possibile informarsi su di un ampio numero di miti greci, dei quali sono indicati anche i principali testimoni antichi.<\/li>\n<li><a href=\"http:\/\/www.tlg.uci.edu\/\" id=\"link-5634\" class=\"track_this_link \" rel=\"noopener noreferrer\">Thesaurus Linguae Graecae<\/a>\nSito del TLG, repertorio dell&#039;intera produzione letteraria antica in lingua greca, che \u00e8 possibile consultare integralmente all&#039;interno delle principali isitituzioni universitarie e culturali.<\/li>\n\t<\/ul>\n<\/div><!-- Div End Category -->\n<div class=\"LinkLibraryCat LinkLibraryCat215 level0\"><!-- Div Category --><div id=\"universita\"><!-- Div Category Name --><div class=\"linklistcatname\"><!-- Div Cat Name --><span class=\"linklistcatclass\">Universit\u00e0<\/span><\/div><!-- DivOrHeader --><\/div><!-- Div Category Name -->\n\t<ul>\n<li><a href=\"http:\/\/www.unipi.it\" id=\"link-5627\" class=\"track_this_link \" rel=\"noopener noreferrer\">Universit\u00e0 di Pisa<\/a>\nSito internet dell&#039;Universit\u00e0 di Pisa<\/li>\n\t<\/ul>\n<\/div><!-- Div End Category -->\n<script type='text\/javascript'>\njQuery(document).ready(function()\n{\njQuery('.arrow-up').hide();\njQuery('#linklist1 a.track_this_link').click(function() {\nlinkid = this.id;\nlinkid = linkid.substring(5);\npath = '';\njQuery.ajax( {    type: 'POST',    url: 'https:\/\/lama.fileli.unipi.it\/wp-admin\/admin-ajax.php',     data: { action: 'link_library_tracker',             _ajax_nonce: '9403a1cca2',             id:linkid, xpath:path }     });\nreturn true;\n});\njQuery('#linklist1 .expandlinks').click(function() {\ntarget = '.' + jQuery(this).attr('id');\nsubcattarget = '.' + jQuery(this).attr('data-subcat');\nif ( jQuery( target ).is(':visible') ) {\njQuery(target).slideUp();\njQuery(subcattarget).slideToggle();\njQuery(this).children('img').attr('src', 'https:\/\/lama.fileli.unipi.it\/wp-content\/plugins\/link-library\/icons\/expand-32.png');\n} else {\njQuery(target).slideDown();\njQuery(subcattarget).slideToggle();\njQuery(this).children('img').attr('src', 'https:\/\/lama.fileli.unipi.it\/wp-content\/plugins\/link-library\/icons\/collapse-32.png');\n}\n});\njQuery('#linklist1 .linklistcatclass').click(function() {\njQuery(this).siblings('.expandlinks').click();\n});\njQuery('#linklist1 .linklistcatnamedesc').click(function() {\njQuery(this).siblings('.expandlinks').click();\n});\n});\n<\/script>\n<\/div><!-- Div Linklist -->\n<!-- End of Link Library Output -->\n\n<\/a><\/p>\n","protected":false},"excerpt":{"rendered":"","protected":false},"author":10,"featured_media":0,"parent":0,"menu_order":0,"comment_status":"closed","ping_status":"open","template":"","meta":{"footnotes":""},"class_list":["post-2822","page","type-page","status-publish","hentry"],"translation":{"provider":"WPGlobus","version":"3.0.0","language":"en","enabled_languages":["it","en","fr"],"languages":{"it":{"title":true,"content":true,"excerpt":false},"en":{"title":true,"content":false,"excerpt":false},"fr":{"title":true,"content":false,"excerpt":false}}},"_links":{"self":[{"href":"https:\/\/lama.fileli.unipi.it\/en\/wp-json\/wp\/v2\/pages\/2822","targetHints":{"allow":["GET"]}}],"collection":[{"href":"https:\/\/lama.fileli.unipi.it\/en\/wp-json\/wp\/v2\/pages"}],"about":[{"href":"https:\/\/lama.fileli.unipi.it\/en\/wp-json\/wp\/v2\/types\/page"}],"author":[{"embeddable":true,"href":"https:\/\/lama.fileli.unipi.it\/en\/wp-json\/wp\/v2\/users\/10"}],"replies":[{"embeddable":true,"href":"https:\/\/lama.fileli.unipi.it\/en\/wp-json\/wp\/v2\/comments?post=2822"}],"version-history":[{"count":7,"href":"https:\/\/lama.fileli.unipi.it\/en\/wp-json\/wp\/v2\/pages\/2822\/revisions"}],"predecessor-version":[{"id":7727,"href":"https:\/\/lama.fileli.unipi.it\/en\/wp-json\/wp\/v2\/pages\/2822\/revisions\/7727"}],"wp:attachment":[{"href":"https:\/\/lama.fileli.unipi.it\/en\/wp-json\/wp\/v2\/media?parent=2822"}],"curies":[{"name":"wp","href":"https:\/\/api.w.org\/{rel}","templated":true}]}}