{"id":5178,"date":"2017-09-15T07:06:58","date_gmt":"2017-09-15T07:06:58","guid":{"rendered":"http:\/\/lama.fileli.unipi.it\/?page_id=5178"},"modified":"2017-10-03T08:33:31","modified_gmt":"2017-10-03T08:33:31","slug":"euporiaragt-further-readings","status":"publish","type":"page","link":"https:\/\/lama.fileli.unipi.it\/en\/euporiaragt-further-readings\/","title":{"rendered":"EuporiaRAGT Further readings"},"content":{"rendered":"<p>The Euporia RAGT annotation system is described in <a href=\"http:\/\/onlinelibrary.wiley.com\/doi\/10.1111\/bics.2016.59.issue-2\/issuetoc\">G. Mugelli, F. Boschetti et al., \u2018A User-Centred Design to Annotate Ritual Facts in Ancient Greek Tragedies\u2019. BICS 59 (2)<\/a>.<\/p>\n<p>The bottom-up approach and the search engine were described at the G\u00f6ttingen Dialog in Digital Humanities 2016 (<a href=\"http:\/\/www.etrap.eu\/activities\/gddh-2016\/\">http:\/\/www.etrap.eu\/activities\/gddh-2016\/<\/a>), the proceedings of which are forthcoming.<\/p>\n<p>The ontology and the querying system were presented at the workshop on Language, Ontology, Terminology and Knowledge Structures at the <a href=\"https:\/\/www.lirmm.fr\/iwcs2017\/\">IWCS in Montpellier, <\/a><\/p>\n<p>See Mugelli, G., Khan, A. F., Bellandi, A. and Boschetti, F. (2017). Designing an Ontology for the Study of Ritual in Ancient Greek Tragedy. In Frontini, F., Gr\u010di\u0107 Simeunovi\u0107, L., Vintar, \u0160., Khan, A. F. and Parvizi, A. (eds), <i>Proceedings of the Workshop on Language, Ontology, Terminology and \u00a0Knowledge Structures &#8211; LOTKS 2017<\/i>. Montpellier (France).\u00a0<a href=\"https:\/\/langandonto.github.io\/LangOnto-TermiKS-2017\/LOTKS2017.pdf\">Download Proceedings<\/a><\/p>\n<p>&nbsp;<\/p>\n","protected":false},"excerpt":{"rendered":"<p>The Euporia RAGT annotation system is described in G. Mugelli, F. Boschetti et al., \u2018A User-Centred Design to Annotate Ritual Facts in Ancient Greek Tragedies\u2019.&#46;&#46;&#46;<\/p>\n","protected":false},"author":1,"featured_media":0,"parent":0,"menu_order":0,"comment_status":"closed","ping_status":"closed","template":"","meta":{"footnotes":""},"class_list":["post-5178","page","type-page","status-publish","hentry"],"translation":{"provider":"WPGlobus","version":"3.0.0","language":"en","enabled_languages":["it","en","fr"],"languages":{"it":{"title":true,"content":true,"excerpt":false},"en":{"title":false,"content":true,"excerpt":false},"fr":{"title":false,"content":true,"excerpt":false}}},"_links":{"self":[{"href":"https:\/\/lama.fileli.unipi.it\/en\/wp-json\/wp\/v2\/pages\/5178","targetHints":{"allow":["GET"]}}],"collection":[{"href":"https:\/\/lama.fileli.unipi.it\/en\/wp-json\/wp\/v2\/pages"}],"about":[{"href":"https:\/\/lama.fileli.unipi.it\/en\/wp-json\/wp\/v2\/types\/page"}],"author":[{"embeddable":true,"href":"https:\/\/lama.fileli.unipi.it\/en\/wp-json\/wp\/v2\/users\/1"}],"replies":[{"embeddable":true,"href":"https:\/\/lama.fileli.unipi.it\/en\/wp-json\/wp\/v2\/comments?post=5178"}],"version-history":[{"count":4,"href":"https:\/\/lama.fileli.unipi.it\/en\/wp-json\/wp\/v2\/pages\/5178\/revisions"}],"predecessor-version":[{"id":5211,"href":"https:\/\/lama.fileli.unipi.it\/en\/wp-json\/wp\/v2\/pages\/5178\/revisions\/5211"}],"wp:attachment":[{"href":"https:\/\/lama.fileli.unipi.it\/en\/wp-json\/wp\/v2\/media?parent=5178"}],"curies":[{"name":"wp","href":"https:\/\/api.w.org\/{rel}","templated":true}]}}