{"id":7582,"date":"2020-03-22T09:23:02","date_gmt":"2020-03-22T08:23:02","guid":{"rendered":"http:\/\/lama.fileli.unipi.it\/?page_id=7582"},"modified":"2020-03-22T09:23:02","modified_gmt":"2020-03-22T08:23:02","slug":"david-bouvier","status":"publish","type":"page","link":"https:\/\/lama.fileli.unipi.it\/en\/david-bouvier\/","title":{"rendered":"David Bouvier"},"content":{"rendered":"<p>&nbsp;<\/p>\n<p><a href=\"http:\/\/lama.fileli.unipi.it\/wp-content\/uploads\/2020\/03\/DSCN7249.jpeg\"><img loading=\"lazy\" decoding=\"async\" class=\"size-medium wp-image-7583 alignright\" src=\"http:\/\/lama.fileli.unipi.it\/wp-content\/uploads\/2020\/03\/DSCN7249-300x225.jpeg\" alt=\"\" width=\"300\" height=\"225\" srcset=\"https:\/\/lama.fileli.unipi.it\/wp-content\/uploads\/2020\/03\/DSCN7249-300x225.jpeg 300w, https:\/\/lama.fileli.unipi.it\/wp-content\/uploads\/2020\/03\/DSCN7249-1024x768.jpeg 1024w, https:\/\/lama.fileli.unipi.it\/wp-content\/uploads\/2020\/03\/DSCN7249-768x576.jpeg 768w, https:\/\/lama.fileli.unipi.it\/wp-content\/uploads\/2020\/03\/DSCN7249.jpeg 1280w\" sizes=\"auto, (max-width: 300px) 100vw, 300px\" \/><\/a>Titulaire d&#8217;un doctorat de III<sup>e<\/sup>\u00a0cycle en langue et civilisation grecques de l&#8217;EHESS, dirig\u00e9 par Jean-Pierre Vernant, et d&#8217;un doctorat \u00e8s lettres de l&#8217;Universit\u00e9 de Gen\u00e8ve, dirig\u00e9 par Andr\u00e9 Hurst, David Bouvier est actuellement professeur ordinaire de langue et litt\u00e9rature grecques \u00e0 l&#8217;Universit\u00e9 de Lausanne ; il enseigne \u00e9galement au Coll\u00e8ge des Humanit\u00e9s de l&#8217;\u00c9cole Polytechnique F\u00e9d\u00e9rale de Lausanne. Il a \u00e9t\u00e9 professeur invit\u00e9 \u00e0 l&#8217;Universit\u00e9 de Chicago et \u00e0 l&#8217;\u00c9cole des Hautes \u00c9tudes en Sciences Sociales, et Visiting Scholar\u00a0aux Universit\u00e9s de New York (NYU), Harvard et Stanford. Avec Anton Bierl, il a dirig\u00e9 le 19<sup>e<\/sup>\u00a0s\u00e9minaire de Litt\u00e9rature et Culture de la Gr\u00e8ce ancienne du Centre europ\u00e9en de la Culture \u00e0 Delphes en 2013. Il dirige actuellement un projet de recherche du FNS sur l&#8217;approche num\u00e9rique d&#8217;un manuscrit de l&#8217;<em>Iliade<\/em><em>\u00a0<\/em>(Genavensis gr. 44). Il a \u00e9t\u00e9 critique litt\u00e9raire au <em>Temps<\/em> et au <em>Journal de Gen\u00e8ve<\/em>.<\/p>\n<p>Ses travaux portent sur les formes de la m\u00e9moire et la constitution des savoirs en Gr\u00e8ce ancienne. Parmi ses \u00e9tudes r\u00e9centes, on peut citer les titres suivants :\u00a0\u201cThe Correlation of Fountains and Altars in Archaic Greek Poetry\u201d, 2017; \u201cSchliemann sur les traces d\u2019Ulysse\u201d, 2018; \u201cLes contradictions du contrat de \u00ab\u00a0philot\u00eas \u00bb au chant III de l&#8217;Iliade\u201d, 2018;\u00a0 \u201cM\u00e9moire de la cit\u00e9 et m\u00e9moire de la trag\u00e9die dans l\u2019Ath\u00e8nes classique\u201d, 2018; \u201cDe D\u00e9modocos \u00e0 \u00abHom\u00e8re comme po\u00e8te\u00bb. R\u00e9appropriation d\u2019un chant a\u00e9dique dans une \u00e9pop\u00e9e\u201d, 2018; \u201cHonneur et r\u00e9tribution: la col\u00e8re d\u2019Achille\u201d, 2019;\u00a0 \u201cLa signification du nom propre et le coup de th\u00e9\u00e2tre du Cratyle\u201d, 2020.<\/p>\n","protected":false},"excerpt":{"rendered":"<p>&nbsp; Titulaire d&#8217;un doctorat de IIIe\u00a0cycle en langue et civilisation grecques de l&#8217;EHESS, dirig\u00e9 par Jean-Pierre Vernant, et d&#8217;un doctorat \u00e8s lettres de l&#8217;Universit\u00e9 de&#46;&#46;&#46;<\/p>\n","protected":false},"author":4,"featured_media":0,"parent":0,"menu_order":0,"comment_status":"closed","ping_status":"closed","template":"","meta":{"footnotes":""},"class_list":["post-7582","page","type-page","status-publish","hentry"],"translation":{"provider":"WPGlobus","version":"3.0.0","language":"en","enabled_languages":["it","en","fr"],"languages":{"it":{"title":true,"content":true,"excerpt":false},"en":{"title":false,"content":false,"excerpt":false},"fr":{"title":false,"content":false,"excerpt":false}}},"_links":{"self":[{"href":"https:\/\/lama.fileli.unipi.it\/en\/wp-json\/wp\/v2\/pages\/7582","targetHints":{"allow":["GET"]}}],"collection":[{"href":"https:\/\/lama.fileli.unipi.it\/en\/wp-json\/wp\/v2\/pages"}],"about":[{"href":"https:\/\/lama.fileli.unipi.it\/en\/wp-json\/wp\/v2\/types\/page"}],"author":[{"embeddable":true,"href":"https:\/\/lama.fileli.unipi.it\/en\/wp-json\/wp\/v2\/users\/4"}],"replies":[{"embeddable":true,"href":"https:\/\/lama.fileli.unipi.it\/en\/wp-json\/wp\/v2\/comments?post=7582"}],"version-history":[{"count":2,"href":"https:\/\/lama.fileli.unipi.it\/en\/wp-json\/wp\/v2\/pages\/7582\/revisions"}],"predecessor-version":[{"id":7586,"href":"https:\/\/lama.fileli.unipi.it\/en\/wp-json\/wp\/v2\/pages\/7582\/revisions\/7586"}],"wp:attachment":[{"href":"https:\/\/lama.fileli.unipi.it\/en\/wp-json\/wp\/v2\/media?parent=7582"}],"curies":[{"name":"wp","href":"https:\/\/api.w.org\/{rel}","templated":true}]}}