{"id":7790,"date":"2020-10-15T10:51:30","date_gmt":"2020-10-15T09:51:30","guid":{"rendered":"http:\/\/lama.fileli.unipi.it\/?page_id=7790"},"modified":"2021-01-11T19:11:29","modified_gmt":"2021-01-11T18:11:29","slug":"francesco-mambrini","status":"publish","type":"page","link":"https:\/\/lama.fileli.unipi.it\/en\/membri\/francesco-mambrini\/","title":{"rendered":"Francesco Mambrini"},"content":{"rendered":"<p><a href=\"http:\/\/lama.fileli.unipi.it\/__trashed\/foto_profilo\/\" rel=\"attachment wp-att-7787\"><img loading=\"lazy\" decoding=\"async\" class=\"alignnone size-medium wp-image-7787\" src=\"http:\/\/lama.fileli.unipi.it\/wp-content\/uploads\/2020\/10\/foto_profilo-300x218.jpg\" alt=\"\" width=\"300\" height=\"218\" srcset=\"https:\/\/lama.fileli.unipi.it\/wp-content\/uploads\/2020\/10\/foto_profilo-300x218.jpg 300w, https:\/\/lama.fileli.unipi.it\/wp-content\/uploads\/2020\/10\/foto_profilo.jpg 550w\" sizes=\"auto, (max-width: 300px) 100vw, 300px\" \/><\/a><\/p>\n<p>Laureatosi in Antropologia del Mondo Antico nel 2003 sotto la guida del prof. Riccardo Di Donato, ha completato nel medesimo anno il Corso Ordinario della Classe di Lettere presso la Scuola Normale di Pisa. Nel 2008 ha ottenuto il dottorato di ricerca in Filologia Classica presso l\u2019Universit\u00e0 di Trento e, in regime di co-tutela, in Histoire et Civilisations presso la \u00c9cole des Hautes \u00c9tudes en Sciences Sociales (EHESS, Paris). La tesi di dottorato, diretta dai professori Francesco Bertolini (Pavia) e Claude Calame (EHESS), \u00e8 intitolata: <em>Aiace 1-865. Un commento antropologico<\/em>.<\/p>\n<p>Ha lavorato presso alcuni dei pi\u00f9 importanti progetti di Digital Humanities relativi al mondo antico. In particolare, \u00e8 stato Visiting Researcher presso il Perseus Project (Tufts University) negli anni 2009 e 2011, dove ha lavorato all\u2019<a href=\"https:\/\/perseusdl.github.io\/treebank_data\/\">Ancient Greek and Latin Dependency Treebank<\/a>, pubblicando un\u2019annotazione morfosintattica completa delle tragedie di Eschilo e di quattro tragedie sofoclee.<\/p>\n<p>Ha successivamente collaborato con l\u2019<a href=\"https:\/\/itreebank.marginalia.it\/\">Index Thomisticus Treebank<\/a> (Universit\u00e0 Cattolica del Sacro Cuore) e con il database archeologico <a href=\"https:\/\/arachne.dainst.org\/\">Arachne<\/a> (Universit\u00e0 di Colonia). Dal 2013 al 2018 \u00e8 stato assistente di ricerca (Wissenschaftlicher Mitarbeiter) presso il Deutsches Arch\u00e4ologisches Institut (DAI) di Berlino, dove ha lavorato ad alcuni progetti europei e nazionali (<a href=\"https:\/\/www.eagle-network.eu\/\">EAGLE<\/a>, Ariadne, <a href=\"https:\/\/archwort.dainst.org\/\">iDAI.vocab<\/a> e <a href=\"https:\/\/publications.dainst.org\/journals\/\">iDAI.publications<\/a>).<\/p>\n<p>Nell\u2019anno accademico 2012-13 \u00e8 stato selezionato come Joint Fellow del Center For Hellenic Studies (Washington, DC) e Deutsches Arch\u00e4ologisches Institut (Berlin).<\/p>\n<p>Attualmente \u00e8 Ricercatore presso l\u2019Universit\u00e0 Cattolica del Sacro Cuore, dove lavora al progetto ERC \u201c<a href=\"https:\/\/lila-erc.eu\/\">LiLa: Linking Latin<\/a>\u201d, diretto dal professor Marco Passarotti.<\/p>\n<p>\u00c8 stato membro del comitato scientifico di numerosi eventi internazionali, tra cui in particolare la serie di seminari \u201c<a href=\"http:\/\/de.digitalclassicist.org\/berlin\/index\">Digital Classicist, Berlin<\/a>\u201d, e, con Caroline Sporleder e Marco Passarotti, \u00e8 uno dei fondatori e organizzatori della serie di workshop \u201c<a href=\"https:\/\/www.oeaw.ac.at\/acdh\/ace\/tagungen-und-workshops\/veranstaltungsarchiv\/crh2\/\">Corpus-Based Research in the Humanities<\/a>\u201d (precedentemente \u201cAnnotated Corpora for Research in the Humanities\u201d).<\/p>\n","protected":false},"excerpt":{"rendered":"<p>Laureatosi in Antropologia del Mondo Antico nel 2003 sotto la guida del prof. Riccardo Di Donato, ha completato nel medesimo anno il Corso Ordinario della&#46;&#46;&#46;<\/p>\n","protected":false},"author":10,"featured_media":0,"parent":670,"menu_order":0,"comment_status":"closed","ping_status":"closed","template":"","meta":{"footnotes":""},"class_list":["post-7790","page","type-page","status-publish","hentry"],"translation":{"provider":"WPGlobus","version":"3.0.0","language":"en","enabled_languages":["it","en","fr"],"languages":{"it":{"title":true,"content":true,"excerpt":false},"en":{"title":false,"content":false,"excerpt":false},"fr":{"title":false,"content":false,"excerpt":false}}},"_links":{"self":[{"href":"https:\/\/lama.fileli.unipi.it\/en\/wp-json\/wp\/v2\/pages\/7790","targetHints":{"allow":["GET"]}}],"collection":[{"href":"https:\/\/lama.fileli.unipi.it\/en\/wp-json\/wp\/v2\/pages"}],"about":[{"href":"https:\/\/lama.fileli.unipi.it\/en\/wp-json\/wp\/v2\/types\/page"}],"author":[{"embeddable":true,"href":"https:\/\/lama.fileli.unipi.it\/en\/wp-json\/wp\/v2\/users\/10"}],"replies":[{"embeddable":true,"href":"https:\/\/lama.fileli.unipi.it\/en\/wp-json\/wp\/v2\/comments?post=7790"}],"version-history":[{"count":3,"href":"https:\/\/lama.fileli.unipi.it\/en\/wp-json\/wp\/v2\/pages\/7790\/revisions"}],"predecessor-version":[{"id":7792,"href":"https:\/\/lama.fileli.unipi.it\/en\/wp-json\/wp\/v2\/pages\/7790\/revisions\/7792"}],"up":[{"embeddable":true,"href":"https:\/\/lama.fileli.unipi.it\/en\/wp-json\/wp\/v2\/pages\/670"}],"wp:attachment":[{"href":"https:\/\/lama.fileli.unipi.it\/en\/wp-json\/wp\/v2\/media?parent=7790"}],"curies":[{"name":"wp","href":"https:\/\/api.w.org\/{rel}","templated":true}]}}