{"id":1164,"date":"2013-01-13T15:05:02","date_gmt":"2013-01-13T14:05:02","guid":{"rendered":"http:\/\/lama.fileli.unipi.it\/?page_id=1164"},"modified":"2019-01-15T12:07:31","modified_gmt":"2019-01-15T11:07:31","slug":"sofia-ranzato-pubblicazioni","status":"publish","type":"page","link":"https:\/\/lama.fileli.unipi.it\/fr\/membri\/sofia-ranzato\/sofia-ranzato-pubblicazioni\/","title":{"rendered":"Sofia Ranzato: pubblicazioni"},"content":{"rendered":"<p>S. Ranzato (in stampa), <em>The Sage Speaks in Riddles: Reading again Derv. Pap. col.7<\/em>, in <em>The Derveni Papyrus. Unearthing Ancient Mysteries, <\/em>a cura di\u00a0Marco Antonio Santamar\u00eda, Leiden-Boston: Brill.<\/p>\n<p>S. Ranzato, (in stampa), <em>Choisir sa propre route chez Parm\u00e9nide, dans la po\u00e9sie didactique et dans les traditions religieuses \u00e0 l\u2019\u00e9poque archa\u00efque<\/em>, in <em>La Po\u00e9sie archa\u00efque comme discours de savoir<\/em>, a cura di Marie-Laurence Desclos, Paris: Classiques Garnier.<\/p>\n<p>S. Ranzato, 2018, <em>Alla fine del progresso conoscitivo umano c\u2019\u00e8 l\u2019<\/em>eon<em>\u00a0di Parmenide?<\/em>, in <em>Eleatica 6. Dall\u2019universo-blocco all\u2019atomo nella scuola di Elea: Parmenide, Zenone, Leucippo, <\/em>a cura di\u00a0M. Pulpito, S. Ranzato, Sankt Augustin: Akademia Verlag, pp. 200-205.<\/p>\n<p>S. Ranzato S., M. Pulpito (a cura di), 2018,<em>\u00a0Dall\u2019universo-blocco all\u2019atomo nella scuola di Elea: Parmenide, Zenone, Leucippo<\/em>, \u201cEleatica 6\u201d, Sankt Augustin: Akademia Verlag.<\/p>\n<p>S. Ranzato, 2015a,\u00a0<em>Il kouros e la verit\u00e0. Polivalenza delle immagini nel poema di Parmenide<\/em>, Pisa: ETS.<\/p>\n<p>S. Ranzato, 2015b, <em>Il<\/em> \u03ba\u03bf\u1fe6\u03c1\u03bf\u03c2 <em>diventa maestro: note sull\u2019incontro tra Socrate e Parmenide<\/em>, in Giovanni Casertano <em>et all<\/em><em>.<\/em>, <em>Da Parmenide di Elea al <\/em>Parmenide <em>di Platone<\/em>, a cura di F. Gambetti, S. Giombini, Sankt Augustin:\u00a0Akademia Verlag.<\/p>\n<p>S. Ranzato, 2013, <em>Luce e notte nel proemio di Parmenide<\/em>, in\u00a0<em>Origini e svolgimento del pensiero greco. Studi per Jean-Pierre Vernant<\/em>, a cura di R. Di Donato, Pisa: ETS,\u00a0pp. 11\u201328,<\/p>\n<p>S. Ranzato, 2012a, <em>Una nuova immagine dell\u2019uomo <\/em>ephemeros<em> (28 B 16 DK)<\/em>, in\u00a0<em>Elementi eleatici<\/em>, a cura di I. Pozzoni, \u00a0Villasanta,\u00a0pp. 173\u201396.<\/p>\n<p>S. Ranzato, 2012b, Recensione a: M. M. Sassi, <em>Gli inizi della filosofia: in Grecia<\/em>, <em>\u201c<\/em>AGPh<em>\u201d<\/em> 94.<\/p>\n<p>S. Ranzato, 2011a, Recensione a: S. Giombini and F. Marcacci (a cura di), <em>Il quinto secolo. Studi di filosofia antica in onore di Livio Rossetti<\/em>,\u00a0<em>\u201c<\/em>Archai: as origens do pensamento ocidental\u201d\u00a07, pp. 153\u201357.<\/p>\n<p>S. Ranzato,\u00a02011b, Recensione a:\u00a0 M. Ann\u00e9e, <em>Parm\u00e9nide, Fragments, Po\u00e8me, pr\u00e9c\u00e9d\u00e9 de \u00c9noncer le verbe \u00eatre<\/em>, \u201cPP\u201d 381, pp. 464\u201368.<\/p>\n<p>S. Ranzato, 2011c, Recensione a: G. Casertano, <em>I Presocratici<\/em>, \u201cBollettino della\u00a0 Societ\u00e0 Filosofica Italiana\u201d 202 (aprile), pp. 92\u201395.<\/p>\n<p>S. Ranzato, Recensione a: M. M. Sassi, <em>Gli inizi della filosofia: in Grecia<\/em>\u00a0\u201cSyzetesis\u201d<em> (<\/em>http:\/\/www.syzetesis.it\/Recensioni2009\/IniziDellaFilosofia.htm).<\/p>\n<p>S. Ranzato, Recensione a: L. Atwood Wilkinson, <em>Parmenides and To Eon. Reconsidering Muthos and Logos<\/em>, \u201cSyzetesis\u201d<em> (http:\/\/www.syzetesis.it\/Recensioni2010\/ParmenidesAndToEon.html)<\/em>.<\/p>\n<p>S. Ranzato, Recensione a: A.H Coxon, <em>The Fragments of Parmenides<\/em>. Revised and expandend edition, edited with New Translations by Richard McKirahan\u2014With a New Preface by Malcolm Schofield, \u201cSyzetesis\u201d<em> (http:\/\/www.syzetesis.it\/Recensioni2010\/FragmentsParmenides.html)<\/em>.<\/p>\n","protected":false},"excerpt":{"rendered":"<p>S. Ranzato (in stampa), The Sage Speaks in Riddles: Reading again Derv. Pap. col.7, in The Derveni Papyrus. Unearthing Ancient Mysteries, a cura di\u00a0Marco Antonio&#46;&#46;&#46;<\/p>\n","protected":false},"author":130,"featured_media":0,"parent":263,"menu_order":0,"comment_status":"closed","ping_status":"closed","template":"","meta":{"footnotes":""},"class_list":["post-1164","page","type-page","status-publish","hentry"],"translation":{"provider":"WPGlobus","version":"3.0.0","language":"fr","enabled_languages":["it","en","fr"],"languages":{"it":{"title":true,"content":true,"excerpt":false},"en":{"title":false,"content":false,"excerpt":false},"fr":{"title":false,"content":false,"excerpt":false}}},"_links":{"self":[{"href":"https:\/\/lama.fileli.unipi.it\/fr\/wp-json\/wp\/v2\/pages\/1164","targetHints":{"allow":["GET"]}}],"collection":[{"href":"https:\/\/lama.fileli.unipi.it\/fr\/wp-json\/wp\/v2\/pages"}],"about":[{"href":"https:\/\/lama.fileli.unipi.it\/fr\/wp-json\/wp\/v2\/types\/page"}],"author":[{"embeddable":true,"href":"https:\/\/lama.fileli.unipi.it\/fr\/wp-json\/wp\/v2\/users\/130"}],"replies":[{"embeddable":true,"href":"https:\/\/lama.fileli.unipi.it\/fr\/wp-json\/wp\/v2\/comments?post=1164"}],"version-history":[{"count":11,"href":"https:\/\/lama.fileli.unipi.it\/fr\/wp-json\/wp\/v2\/pages\/1164\/revisions"}],"predecessor-version":[{"id":6800,"href":"https:\/\/lama.fileli.unipi.it\/fr\/wp-json\/wp\/v2\/pages\/1164\/revisions\/6800"}],"up":[{"embeddable":true,"href":"https:\/\/lama.fileli.unipi.it\/fr\/wp-json\/wp\/v2\/pages\/263"}],"wp:attachment":[{"href":"https:\/\/lama.fileli.unipi.it\/fr\/wp-json\/wp\/v2\/media?parent=1164"}],"curies":[{"name":"wp","href":"https:\/\/api.w.org\/{rel}","templated":true}]}}