{"id":1342,"date":"2013-02-21T22:14:45","date_gmt":"2013-02-21T21:14:45","guid":{"rendered":"http:\/\/lama.fileli.unipi.it\/?page_id=1342"},"modified":"2026-03-05T17:15:48","modified_gmt":"2026-03-05T16:15:48","slug":"fabrizio-gaetano","status":"publish","type":"page","link":"https:\/\/lama.fileli.unipi.it\/fr\/membri\/fabrizio-gaetano\/","title":{"rendered":"Fabrizio Gaetano"},"content":{"rendered":"<p><a href=\"https:\/\/lama.fileli.unipi.it\/wp-content\/uploads\/2013\/02\/Gaetano.jpg\"><img loading=\"lazy\" decoding=\"async\" class=\"alignnone size-medium wp-image-1464 alignleft\" title=\"Gaetano\" src=\"https:\/\/lama.fileli.unipi.it\/wp-content\/uploads\/2013\/02\/Gaetano-203x300.jpg\" alt=\"\" width=\"203\" height=\"300\" \/><\/a><\/p>\n<p style=\"text-align: justify;\">Apr\u00e8s la Licence en\u00a0<em>Lettres Classiques\u00a0<\/em>(juillet 2010), il a \u00e9t\u00e9 s\u00e9lectionn\u00e9 dans le cadre d&#8217;un projet <i>Erasmus Placement\u00a0<\/i>chez le Centre\u00a0<em>ANHIMA\u00a0<\/em>de Paris (01\/2012-07\/2012), o\u00f9\u00a0il a travaill\u00e9 \u00e0 la classification d&#8217;une partie des lettres \u00e9chang\u00e9es entre Jean-Pierre Vernant et Ignace Meyerson.<\/p>\n<p style=\"text-align: justify;\">Ensuite, sous la direction de M. le prof. Andrea Taddei, il a obtenu son dipl\u00f4me de Master 2 en <i>Anthropologie du Monde Ancien\u00a0<\/i>(juillet 2013), en soutenant une th\u00e8se cibl\u00e9e autour\u00a0des notions de m\u00e9moire, de temps et de preuve dans les livres ethnographiques d&#8217;H\u00e9rodote.<\/p>\n<p style=\"text-align: justify;\">Depuis le mois d&#8217;octobre 2015 il est doctorant dans le cours de &#8220;Studi storici, geografici e antropologici&#8221; chez l&#8217;Universit\u00e9 de Padoue, en cotutelle avec l&#8217;UMR &#8220;Archim\u00e8de&#8221; de l&#8217;Universit\u00e9 de Strasbourg.<\/p>\n<p style=\"text-align: justify;\">Ses recherches penchent sur le rapport entre des notions sp\u00e9cifiques, telles, par exemple, celles de &#8216;mythe&#8217;, de &#8216;m\u00e9moire&#8217;, d&#8221;espace&#8217;, de &#8216;temps&#8217;, d&#8217;un c\u00f4t\u00e9, les <em>Histoires\u00a0<\/em>d&#8217;H\u00e9rodote et la r\u00e9ception de celles-ci dans la Gr\u00e8ce d&#8217;\u00e2ge classique, de l&#8217;autre.<\/p>\n<p style=\"text-align: left;\">e-mail: f.gaetano88(at)gmail.com<\/p>\n<p style=\"text-align: left;\"><a href=\"http:\/\/unipd.academia.edu\/FabrizioGaetano\">Profil sur Academia.edu<\/a><\/p>\n","protected":false},"excerpt":{"rendered":"<p>Apr\u00e8s la Licence en\u00a0Lettres Classiques\u00a0(juillet 2010), il a \u00e9t\u00e9 s\u00e9lectionn\u00e9 dans le cadre d&#8217;un projet Erasmus Placement\u00a0chez le Centre\u00a0ANHIMA\u00a0de Paris (01\/2012-07\/2012), o\u00f9\u00a0il a travaill\u00e9 \u00e0&#46;&#46;&#46;<\/p>\n","protected":false},"author":1,"featured_media":0,"parent":670,"menu_order":0,"comment_status":"closed","ping_status":"closed","template":"","meta":{"footnotes":""},"class_list":["post-1342","page","type-page","status-publish","hentry"],"translation":{"provider":"WPGlobus","version":"3.0.0","language":"fr","enabled_languages":["it","en","fr"],"languages":{"it":{"title":true,"content":true,"excerpt":false},"en":{"title":true,"content":true,"excerpt":false},"fr":{"title":true,"content":true,"excerpt":false}}},"_links":{"self":[{"href":"https:\/\/lama.fileli.unipi.it\/fr\/wp-json\/wp\/v2\/pages\/1342","targetHints":{"allow":["GET"]}}],"collection":[{"href":"https:\/\/lama.fileli.unipi.it\/fr\/wp-json\/wp\/v2\/pages"}],"about":[{"href":"https:\/\/lama.fileli.unipi.it\/fr\/wp-json\/wp\/v2\/types\/page"}],"author":[{"embeddable":true,"href":"https:\/\/lama.fileli.unipi.it\/fr\/wp-json\/wp\/v2\/users\/1"}],"replies":[{"embeddable":true,"href":"https:\/\/lama.fileli.unipi.it\/fr\/wp-json\/wp\/v2\/comments?post=1342"}],"version-history":[{"count":34,"href":"https:\/\/lama.fileli.unipi.it\/fr\/wp-json\/wp\/v2\/pages\/1342\/revisions"}],"predecessor-version":[{"id":9188,"href":"https:\/\/lama.fileli.unipi.it\/fr\/wp-json\/wp\/v2\/pages\/1342\/revisions\/9188"}],"up":[{"embeddable":true,"href":"https:\/\/lama.fileli.unipi.it\/fr\/wp-json\/wp\/v2\/pages\/670"}],"wp:attachment":[{"href":"https:\/\/lama.fileli.unipi.it\/fr\/wp-json\/wp\/v2\/media?parent=1342"}],"curies":[{"name":"wp","href":"https:\/\/api.w.org\/{rel}","templated":true}]}}