{"id":3178,"date":"2014-07-28T13:15:07","date_gmt":"2014-07-28T12:15:07","guid":{"rendered":"http:\/\/lama.fileli.unipi.it\/?page_id=3178"},"modified":"2022-07-05T10:06:09","modified_gmt":"2022-07-05T09:06:09","slug":"educare-allantico","status":"publish","type":"page","link":"https:\/\/lama.fileli.unipi.it\/fr\/biblioteca\/educare-allantico\/","title":{"rendered":"Educare all&#8217;antico"},"content":{"rendered":"<p style=\"text-align: justify;\"><em>Educare all\u2019antico<\/em> est un projet p\u00e9dagogique \u00e9labor\u00e9 \u00e0 Pise suite \u00e0 une collaboration entre la Division pour l\u2019Instruction Publique de la Province et le D\u00e9partement de Philologie Classique de l\u2019Universit\u00e9. Le projet est coordonn\u00e9 par Riccardo Di Donato dans le but de promouvoir la connaissance de la culture des Grecs et des Romains aupr\u00e8s des jeunes des \u00e9coles primaires et secondaires.<\/p>\n<p style=\"text-align: justify;\">Des cinq premiers textes de la collection, quatre Cahiers (<em>Quaderni I, II, IV, V<\/em>) contiennent des textes anciens en traduction, pourvus de mat\u00e9riels de commentaire et d\u2019illustration. Ils ont \u00e9t\u00e9 r\u00e9alis\u00e9s en collaboration avec les enseignants de quatre \u00e9tablissements scolaire polyvalents de la ville de Pise. Le volume III de la collection (R. Di Donato, <em>L\u2019arca di No\u00e8 &#8211; Contributi a una riforma della scuola<\/em>, 2006) est destin\u00e9 aux enseignants et d\u00e9di\u00e9 \u00e0 la construction d\u2019un parcours de r\u00e9flexion ayant comme finalit\u00e9 la r\u00e9forme de l\u2019\u00e9cole. Le volume VI conclut l\u2019initiative de contact avec les enseignants de l\u2019\u00e9cole secondaire.<\/p>\n<p><a href=\"http:\/\/www.edizioniets.com\/view-collana.asp?col=Educare%20all'antico\">Edizioni ETS<\/a><\/p>\n<p>[wpts_matriz boxwidth=&#8217;200&#8242; category=&#8217;24&#8217; posts=&#8217;20&#8217; boxstyle=&#8217;1&#8242; buttoncolor=&#8217;nobutton&#8217; titlesize=&#8217;11&#8217; contentsize=&#8217;11&#8217; titlefont=&#8217;default&#8217; contentfont=&#8217;default&#8217; showtitle=&#8217;1&#8242; showimage=&#8217;1&#8242;]<\/p>\n","protected":false},"excerpt":{"rendered":"<p>Educare all\u2019antico est un projet p\u00e9dagogique \u00e9labor\u00e9 \u00e0 Pise suite \u00e0 une collaboration entre la Division pour l\u2019Instruction Publique de la Province et le D\u00e9partement&#46;&#46;&#46;<\/p>\n","protected":false},"author":130,"featured_media":0,"parent":771,"menu_order":0,"comment_status":"closed","ping_status":"closed","template":"","meta":{"footnotes":""},"class_list":["post-3178","page","type-page","status-publish","hentry"],"translation":{"provider":"WPGlobus","version":"3.0.0","language":"fr","enabled_languages":["it","en","fr"],"languages":{"it":{"title":true,"content":true,"excerpt":false},"en":{"title":true,"content":true,"excerpt":false},"fr":{"title":true,"content":true,"excerpt":false}}},"_links":{"self":[{"href":"https:\/\/lama.fileli.unipi.it\/fr\/wp-json\/wp\/v2\/pages\/3178","targetHints":{"allow":["GET"]}}],"collection":[{"href":"https:\/\/lama.fileli.unipi.it\/fr\/wp-json\/wp\/v2\/pages"}],"about":[{"href":"https:\/\/lama.fileli.unipi.it\/fr\/wp-json\/wp\/v2\/types\/page"}],"author":[{"embeddable":true,"href":"https:\/\/lama.fileli.unipi.it\/fr\/wp-json\/wp\/v2\/users\/130"}],"replies":[{"embeddable":true,"href":"https:\/\/lama.fileli.unipi.it\/fr\/wp-json\/wp\/v2\/comments?post=3178"}],"version-history":[{"count":11,"href":"https:\/\/lama.fileli.unipi.it\/fr\/wp-json\/wp\/v2\/pages\/3178\/revisions"}],"predecessor-version":[{"id":8552,"href":"https:\/\/lama.fileli.unipi.it\/fr\/wp-json\/wp\/v2\/pages\/3178\/revisions\/8552"}],"up":[{"embeddable":true,"href":"https:\/\/lama.fileli.unipi.it\/fr\/wp-json\/wp\/v2\/pages\/771"}],"wp:attachment":[{"href":"https:\/\/lama.fileli.unipi.it\/fr\/wp-json\/wp\/v2\/media?parent=3178"}],"curies":[{"name":"wp","href":"https:\/\/api.w.org\/{rel}","templated":true}]}}