{"id":4663,"date":"2016-10-02T10:57:53","date_gmt":"2016-10-02T09:57:53","guid":{"rendered":"http:\/\/lama.fileli.unipi.it\/?page_id=4663"},"modified":"2020-02-10T16:24:49","modified_gmt":"2020-02-10T15:24:49","slug":"margherita-spadafora","status":"publish","type":"page","link":"https:\/\/lama.fileli.unipi.it\/fr\/membri\/margherita-spadafora\/","title":{"rendered":"Margherita Spadafora"},"content":{"rendered":"<p><img loading=\"lazy\" decoding=\"async\" class=\"alignright wp-image-4664 size-medium\" src=\"http:\/\/lama.fileli.unipi.it\/wp-content\/uploads\/2016\/10\/Spadafora_foto-171x300.jpg\" alt=\"Foto di Margherita Spadafora\" width=\"171\" height=\"300\" srcset=\"https:\/\/lama.fileli.unipi.it\/wp-content\/uploads\/2016\/10\/Spadafora_foto-171x300.jpg 171w, https:\/\/lama.fileli.unipi.it\/wp-content\/uploads\/2016\/10\/Spadafora_foto.jpg 264w\" sizes=\"auto, (max-width: 171px) 100vw, 171px\" \/><\/p>\n<p>Si \u00e8 laureata in Lettere antiche presso l\u2019Universit\u00e0 di Pisa, con una memoria di laurea in Letteratura greca dedicata a uno <em>Studio storico-antropologico dell&#8217;Inno omerico ad Afrodite <\/em>(relatore prof. R. Di Donato).<\/p>\n<p>Successivamente interessatasi alla lirica corale tardo-arcaica, ha dedicato agli Epinici pindarici la tesi magistrale, dal titolo <em>Esperienze poetiche e tradizioni culturali: proposte di ricerca sulle <\/em>Olimpiche<em> di Pindaro<\/em> (relatori R. Di Donato; A. Taddei).<\/p>\n<p>Nel 2016, usufruendo di una borsa di studio <em>Erasmus+ Traineeship post lauream<\/em>, ha trascorso un semestre di studio presso il Centre <em>Anthropologie et Histoire des Mondes Antiques<\/em> (ANHIMA) dell\u2019EHESS di Parigi, dedicandosi \u2013 in continuit\u00e0 con le attivit\u00e0 condotte da altri membri del Laboratorio \u2013 alla classificazione e allo studio di documenti inediti di J.P. Vernant e I. Meyerson, conservati presso quella sede (tutor C.M. Carastro).<\/p>\n<p>Attualmente \u00e8 dottoranda del corso <em>Le Forme del Testo<\/em> presso l\u2019Universit\u00e0 di Trento (curriculum <em>Testi greci e latini<\/em>), in co-tutela con l\u2019Universit\u00e0 di Poitiers (ED <em>Humanit\u00e9s<\/em>), presso cui ha trascorso l\u2019a.a 2018\/2019. Ha inoltre beneficiato di una borsa di mobilit\u00e0 per effettuare un soggiorno di ricerca a Parigi (Febbraio 2019), presso la cattedra <em>Religion, histoire et soci\u00e9t\u00e9 dans le monde grec antique<\/em> del Coll\u00e8ge de France (responsabile V. Pirenne Delforge).<\/p>\n<p>La sua ricerca di tesi si propone una indagine delle forme e delle funzioni che la modalit\u00e0 genealogica assume nell\u2019opera pindarica (titolo provvisorio: <em>Poetiche della genealogia.<\/em> <em>Immagini e funzioni delle genealogie nell\u2019opera di Pindaro<\/em>; direttori di tesi: M. Briand, G. Ieran\u00f2, A. Taddei). L\u2019obiettivo \u00e8 di mettere in luce i diversi livelli di articolazione del discorso genealogico: da un lato, la persistenza di alcuni modi di concettualizzazione ed espressione della realt\u00e0 in termini genealogici; dall\u2019altro, l\u2019elaborazione mitica del legame genealogico del vincitore come componente costitutiva dell\u2019eulogia.<\/p>\n<p>I suoi attuali interessi di ricerca riguardano inoltre: il rapporto fra oralit\u00e0 e scrittura nella letteratura greca e i suoi riflessi simbolici, le modalit\u00e0 di adeguamento dell\u2019intenzione poetica alle tradizioni locali e alle attese dell\u2019uditorio, l\u2019interazione fra poesia e rituale.<\/p>\n","protected":false},"excerpt":{"rendered":"<p>Si \u00e8 laureata in Lettere antiche presso l\u2019Universit\u00e0 di Pisa, con una memoria di laurea in Letteratura greca dedicata a uno Studio storico-antropologico dell&#8217;Inno omerico&#46;&#46;&#46;<\/p>\n","protected":false},"author":10,"featured_media":0,"parent":670,"menu_order":0,"comment_status":"closed","ping_status":"closed","template":"","meta":{"footnotes":""},"class_list":["post-4663","page","type-page","status-publish","hentry"],"translation":{"provider":"WPGlobus","version":"3.0.0","language":"fr","enabled_languages":["it","en","fr"],"languages":{"it":{"title":true,"content":true,"excerpt":false},"en":{"title":true,"content":true,"excerpt":false},"fr":{"title":true,"content":false,"excerpt":false}}},"_links":{"self":[{"href":"https:\/\/lama.fileli.unipi.it\/fr\/wp-json\/wp\/v2\/pages\/4663","targetHints":{"allow":["GET"]}}],"collection":[{"href":"https:\/\/lama.fileli.unipi.it\/fr\/wp-json\/wp\/v2\/pages"}],"about":[{"href":"https:\/\/lama.fileli.unipi.it\/fr\/wp-json\/wp\/v2\/types\/page"}],"author":[{"embeddable":true,"href":"https:\/\/lama.fileli.unipi.it\/fr\/wp-json\/wp\/v2\/users\/10"}],"replies":[{"embeddable":true,"href":"https:\/\/lama.fileli.unipi.it\/fr\/wp-json\/wp\/v2\/comments?post=4663"}],"version-history":[{"count":7,"href":"https:\/\/lama.fileli.unipi.it\/fr\/wp-json\/wp\/v2\/pages\/4663\/revisions"}],"predecessor-version":[{"id":7518,"href":"https:\/\/lama.fileli.unipi.it\/fr\/wp-json\/wp\/v2\/pages\/4663\/revisions\/7518"}],"up":[{"embeddable":true,"href":"https:\/\/lama.fileli.unipi.it\/fr\/wp-json\/wp\/v2\/pages\/670"}],"wp:attachment":[{"href":"https:\/\/lama.fileli.unipi.it\/fr\/wp-json\/wp\/v2\/media?parent=4663"}],"curies":[{"name":"wp","href":"https:\/\/api.w.org\/{rel}","templated":true}]}}