{"id":5227,"date":"2017-10-13T08:31:41","date_gmt":"2017-10-13T08:31:41","guid":{"rendered":"http:\/\/lama.fileli.unipi.it\/?page_id=5227"},"modified":"2022-03-09T21:50:53","modified_gmt":"2022-03-09T20:50:53","slug":"seminari","status":"publish","type":"page","link":"https:\/\/lama.fileli.unipi.it\/fr\/seminari\/","title":{"rendered":"S\u00e9minaires"},"content":{"rendered":"<p>Les s\u00e9minaires sont tenus chaque mois par des membres du LAMA ou par des chercheurs invit\u00e9s. La date de chaque s\u00e9ance est annonc\u00e9e deux semaines avant le s\u00e9minaire.<\/p>\n<p>Un r\u00e9sum\u00e9 de chaque s\u00e9minaire est publi\u00e9 sur la page Academia du LAMA:\u00a0<a href=\"https:\/\/unipi.academia.edu\/lamaunipi\" target=\"_blank\" rel=\"noopener\" data-saferedirecturl=\"https:\/\/www.google.com\/url?q=https:\/\/unipi.academia.edu\/lamaunipi&amp;source=gmail&amp;ust=1507969181941000&amp;usg=AFQjCNGLTluXpJqBz0G2EM5G0dgO1IMpHA\">https:\/\/unipi.academia.e<wbr \/>du\/lamaunipi<\/a>.<\/p>\n<p><a href=\"https:\/\/lama.fileli.unipi.it\/?page_id=5223\">2017-2018<\/a><\/p>\n<p><a href=\"https:\/\/lama.fileli.unipi.it\/?p=4702\">2016-2017<\/a><\/p>\n<p><a href=\"https:\/\/lama.fileli.unipi.it\/?page_id=3838\">2015-2016<\/a><\/p>\n<p><a href=\"https:\/\/lama.fileli.unipi.it\/?p=3320\">2014-2015<\/a><\/p>\n<p>&nbsp;<\/p>\n","protected":false},"excerpt":{"rendered":"<p>Les s\u00e9minaires sont tenus chaque mois par des membres du LAMA ou par des chercheurs invit\u00e9s. La date de chaque s\u00e9ance est annonc\u00e9e deux semaines&#46;&#46;&#46;<\/p>\n","protected":false},"author":1,"featured_media":0,"parent":0,"menu_order":0,"comment_status":"closed","ping_status":"closed","template":"","meta":{"footnotes":""},"class_list":["post-5227","page","type-page","status-publish","hentry"],"translation":{"provider":"WPGlobus","version":"3.0.0","language":"fr","enabled_languages":["it","en","fr"],"languages":{"it":{"title":true,"content":true,"excerpt":false},"en":{"title":true,"content":true,"excerpt":false},"fr":{"title":true,"content":true,"excerpt":false}}},"_links":{"self":[{"href":"https:\/\/lama.fileli.unipi.it\/fr\/wp-json\/wp\/v2\/pages\/5227","targetHints":{"allow":["GET"]}}],"collection":[{"href":"https:\/\/lama.fileli.unipi.it\/fr\/wp-json\/wp\/v2\/pages"}],"about":[{"href":"https:\/\/lama.fileli.unipi.it\/fr\/wp-json\/wp\/v2\/types\/page"}],"author":[{"embeddable":true,"href":"https:\/\/lama.fileli.unipi.it\/fr\/wp-json\/wp\/v2\/users\/1"}],"replies":[{"embeddable":true,"href":"https:\/\/lama.fileli.unipi.it\/fr\/wp-json\/wp\/v2\/comments?post=5227"}],"version-history":[{"count":7,"href":"https:\/\/lama.fileli.unipi.it\/fr\/wp-json\/wp\/v2\/pages\/5227\/revisions"}],"predecessor-version":[{"id":8955,"href":"https:\/\/lama.fileli.unipi.it\/fr\/wp-json\/wp\/v2\/pages\/5227\/revisions\/8955"}],"wp:attachment":[{"href":"https:\/\/lama.fileli.unipi.it\/fr\/wp-json\/wp\/v2\/media?parent=5227"}],"curies":[{"name":"wp","href":"https:\/\/api.w.org\/{rel}","templated":true}]}}