{"id":771,"date":"2012-12-14T12:55:23","date_gmt":"2012-12-14T11:55:23","guid":{"rendered":"http:\/\/lama.fileli.unipi.it\/?page_id=771"},"modified":"2018-11-26T17:08:25","modified_gmt":"2018-11-26T16:08:25","slug":"biblioteca","status":"publish","type":"page","link":"https:\/\/lama.fileli.unipi.it\/fr\/biblioteca\/","title":{"rendered":"Biblioth\u00e8que"},"content":{"rendered":"<p style=\"text-align: justify;\">La biblioth\u00e8que montre une galerie des volumes compris dans les deux collections qui sont actuellement g\u00e9r\u00e9es par le Laboratoire d\u2019Anthropologie du Monde Ancien (LAMA) de Pise\u00a0: <em>Anthropoi<\/em> et <em>Educare all\u2019Antico<\/em>.<\/p>\n<p><a href=\"http:\/\/lama.fileli.unipi.it\/wp-content\/uploads\/2018\/02\/0001-1.jpg\"><img loading=\"lazy\" decoding=\"async\" class=\"aligncenter size-full wp-image-5521\" src=\"http:\/\/lama.fileli.unipi.it\/wp-content\/uploads\/2018\/02\/0001-1.jpg\" alt=\"\" width=\"3683\" height=\"2656\" srcset=\"https:\/\/lama.fileli.unipi.it\/wp-content\/uploads\/2018\/02\/0001-1.jpg 3683w, https:\/\/lama.fileli.unipi.it\/wp-content\/uploads\/2018\/02\/0001-1-300x216.jpg 300w, https:\/\/lama.fileli.unipi.it\/wp-content\/uploads\/2018\/02\/0001-1-768x554.jpg 768w, https:\/\/lama.fileli.unipi.it\/wp-content\/uploads\/2018\/02\/0001-1-1024x738.jpg 1024w\" sizes=\"auto, (max-width: 3683px) 100vw, 3683px\" \/><\/a><a href=\"http:\/\/lama.fileli.unipi.it\/wp-content\/uploads\/2018\/02\/0002.jpg\"><img loading=\"lazy\" decoding=\"async\" class=\"aligncenter size-full wp-image-5522\" src=\"http:\/\/lama.fileli.unipi.it\/wp-content\/uploads\/2018\/02\/0002.jpg\" alt=\"\" width=\"3683\" height=\"2656\" srcset=\"https:\/\/lama.fileli.unipi.it\/wp-content\/uploads\/2018\/02\/0002.jpg 3683w, https:\/\/lama.fileli.unipi.it\/wp-content\/uploads\/2018\/02\/0002-300x216.jpg 300w, https:\/\/lama.fileli.unipi.it\/wp-content\/uploads\/2018\/02\/0002-768x554.jpg 768w, https:\/\/lama.fileli.unipi.it\/wp-content\/uploads\/2018\/02\/0002-1024x738.jpg 1024w\" sizes=\"auto, (max-width: 3683px) 100vw, 3683px\" \/><\/a><\/p>\n","protected":false},"excerpt":{"rendered":"<p>La biblioth\u00e8que montre une galerie des volumes compris dans les deux collections qui sont actuellement g\u00e9r\u00e9es par le Laboratoire d\u2019Anthropologie du Monde Ancien (LAMA) de&#46;&#46;&#46;<\/p>\n","protected":false},"author":4,"featured_media":0,"parent":0,"menu_order":0,"comment_status":"closed","ping_status":"closed","template":"","meta":{"footnotes":""},"class_list":["post-771","page","type-page","status-publish","hentry"],"translation":{"provider":"WPGlobus","version":"3.0.0","language":"fr","enabled_languages":["it","en","fr"],"languages":{"it":{"title":true,"content":true,"excerpt":false},"en":{"title":true,"content":true,"excerpt":false},"fr":{"title":true,"content":true,"excerpt":false}}},"_links":{"self":[{"href":"https:\/\/lama.fileli.unipi.it\/fr\/wp-json\/wp\/v2\/pages\/771","targetHints":{"allow":["GET"]}}],"collection":[{"href":"https:\/\/lama.fileli.unipi.it\/fr\/wp-json\/wp\/v2\/pages"}],"about":[{"href":"https:\/\/lama.fileli.unipi.it\/fr\/wp-json\/wp\/v2\/types\/page"}],"author":[{"embeddable":true,"href":"https:\/\/lama.fileli.unipi.it\/fr\/wp-json\/wp\/v2\/users\/4"}],"replies":[{"embeddable":true,"href":"https:\/\/lama.fileli.unipi.it\/fr\/wp-json\/wp\/v2\/comments?post=771"}],"version-history":[{"count":28,"href":"https:\/\/lama.fileli.unipi.it\/fr\/wp-json\/wp\/v2\/pages\/771\/revisions"}],"predecessor-version":[{"id":9136,"href":"https:\/\/lama.fileli.unipi.it\/fr\/wp-json\/wp\/v2\/pages\/771\/revisions\/9136"}],"wp:attachment":[{"href":"https:\/\/lama.fileli.unipi.it\/fr\/wp-json\/wp\/v2\/media?parent=771"}],"curies":[{"name":"wp","href":"https:\/\/api.w.org\/{rel}","templated":true}]}}