{"id":8721,"date":"2023-10-12T10:38:55","date_gmt":"2023-10-12T09:38:55","guid":{"rendered":"https:\/\/lama.fileli.unipi.it\/?page_id=8721"},"modified":"2024-02-16T11:37:31","modified_gmt":"2024-02-16T10:37:31","slug":"seminari-2023-2024","status":"publish","type":"page","link":"https:\/\/lama.fileli.unipi.it\/fr\/seminari\/seminari-2023-2024\/","title":{"rendered":"Seminari 2023-2024"},"content":{"rendered":"<h1 style=\"text-align: center;\">SEMINARI 2023-2024 XVI ciclo:<\/h1>\n<p style=\"text-align: center;\"><strong>25 Ottobre 2023<\/strong><\/p>\n<p style=\"text-align: center;\">Riccardo Di Donato, Universit\u00e0 di Pisa<\/p>\n<p style=\"text-align: center;\"><em>Storicit\u00e0 del pensiero mitico<\/em><\/p>\n<p style=\"text-align: center;\"><strong>30 Novembre 2023<\/strong><\/p>\n<p style=\"text-align: center;\">Mattia Boscarino, Universit\u00e0 di Palermo<\/p>\n<p style=\"text-align: center;\"><em>La costruzione dell&#8217;identit\u00e0 delle Danaidi nelle <\/em>Supplici<em> di Eschilo<\/em><\/p>\n<p style=\"text-align: center;\"><strong>12 Dicembre 2023<\/strong><\/p>\n<p style=\"text-align: center;\">Luca Fiamingo, Universit\u00e0 di Verona<\/p>\n<p style=\"text-align: center;\"><em>Fra diritto e prediritto: <\/em><em>lessico della vendetta e immaginario della ritorsione nella tragedia greca<\/em><\/p>\n<p style=\"text-align: center;\"><strong>8 febbraio 2024<\/strong><\/p>\n<p style=\"text-align: center;\">Gherardo Ugolini, Universit\u00e0 di Verona<\/p>\n<p style=\"text-align: center;\"><em>La tragedia greca secondo Wilamowitz<\/em><\/p>\n<p style=\"text-align: center;\"><strong>21 Febbraio 2024<\/strong><\/p>\n<p style=\"text-align: center;\">Giuseppe Lentini, Universit\u00e0 di Roma La Sapienza<\/p>\n<p style=\"text-align: center;\"><em>Il linguaggio di Achille: una prospettiva antropologica<\/em><\/p>\n<p style=\"text-align: center;\"><strong>8 Aprile 2024<\/strong><\/p>\n<p style=\"text-align: center;\">Gianfranco Agosti, Universit\u00e0 di Pisa<\/p>\n<p style=\"text-align: center;\"><em>Un capro espiatorio dionisiaco in et\u00e0 imperiale<\/em><\/p>\n<p style=\"text-align: center;\"><strong>23 Aprile 2024<\/strong><\/p>\n<p style=\"text-align: center;\">Giampaolo Galvani, Universit\u00e0 di Urbino Carlo Bo<\/p>\n<p style=\"text-align: center;\"><em>Tragedia e generi lirico-corali<\/em><\/p>\n<p style=\"text-align: center;\">\u00c8 possibile seguire i seminari online, su Microsoft Teams: <a href=\"https:\/\/fileli.unipi.it\/c\/23-24-laboratorio-antropologia-mondo-antico\">https:\/\/fileli.unipi.it\/c\/23-24-laboratorio-antropologia-mondo-antico<\/a><\/p>\n<p style=\"text-align: center;\">\u00c8 possibile scaricare il calendario in pdf qui: <a href=\"https:\/\/lama.fileli.unipi.it\/wp-content\/uploads\/2023\/10\/CALENDARIO-2023_24-Laboratorio-di-Antropologia-del-Mondo-Antico.pdf\">CALENDARIO 2023_24 Laboratorio di Antropologia del Mondo Antico<\/a>.<\/p>\n","protected":false},"excerpt":{"rendered":"<p>SEMINARI 2023-2024 XVI ciclo: 25 Ottobre 2023 Riccardo Di Donato, Universit\u00e0 di Pisa Storicit\u00e0 del pensiero mitico 30 Novembre 2023 Mattia Boscarino, Universit\u00e0 di Palermo&#46;&#46;&#46;<\/p>\n","protected":false},"author":132,"featured_media":0,"parent":5227,"menu_order":0,"comment_status":"closed","ping_status":"closed","template":"","meta":{"footnotes":""},"class_list":["post-8721","page","type-page","status-publish","hentry"],"translation":{"provider":"WPGlobus","version":"3.0.0","language":"fr","enabled_languages":["it","en","fr"],"languages":{"it":{"title":true,"content":true,"excerpt":false},"en":{"title":false,"content":false,"excerpt":false},"fr":{"title":false,"content":false,"excerpt":false}}},"_links":{"self":[{"href":"https:\/\/lama.fileli.unipi.it\/fr\/wp-json\/wp\/v2\/pages\/8721","targetHints":{"allow":["GET"]}}],"collection":[{"href":"https:\/\/lama.fileli.unipi.it\/fr\/wp-json\/wp\/v2\/pages"}],"about":[{"href":"https:\/\/lama.fileli.unipi.it\/fr\/wp-json\/wp\/v2\/types\/page"}],"author":[{"embeddable":true,"href":"https:\/\/lama.fileli.unipi.it\/fr\/wp-json\/wp\/v2\/users\/132"}],"replies":[{"embeddable":true,"href":"https:\/\/lama.fileli.unipi.it\/fr\/wp-json\/wp\/v2\/comments?post=8721"}],"version-history":[{"count":5,"href":"https:\/\/lama.fileli.unipi.it\/fr\/wp-json\/wp\/v2\/pages\/8721\/revisions"}],"predecessor-version":[{"id":8960,"href":"https:\/\/lama.fileli.unipi.it\/fr\/wp-json\/wp\/v2\/pages\/8721\/revisions\/8960"}],"up":[{"embeddable":true,"href":"https:\/\/lama.fileli.unipi.it\/fr\/wp-json\/wp\/v2\/pages\/5227"}],"wp:attachment":[{"href":"https:\/\/lama.fileli.unipi.it\/fr\/wp-json\/wp\/v2\/media?parent=8721"}],"curies":[{"name":"wp","href":"https:\/\/api.w.org\/{rel}","templated":true}]}}